{"id":1087,"date":"2022-01-05T16:35:47","date_gmt":"2022-01-05T19:35:47","guid":{"rendered":"https:\/\/zoom7agencia.com\/ngv\/?page_id=1087"},"modified":"2022-01-05T18:45:36","modified_gmt":"2022-01-05T21:45:36","slug":"empresas","status":"publish","type":"page","link":"https:\/\/zoom7agencia.com\/ngv\/empresas\/","title":{"rendered":"Solu\u00e7\u00e3o para empresas"},"content":{"rendered":"\t\t<div data-elementor-type=\"wp-page\" data-elementor-id=\"1087\" class=\"elementor elementor-1087\" data-elementor-settings=\"[]\">\n\t\t\t\t\t\t\t<div class=\"elementor-section-wrap\">\n\t\t\t\t\t\t\t<section class=\"elementor-section elementor-top-section elementor-element elementor-element-f01c667 elementor-section-full_width elementor-section-height-default elementor-section-height-default parallax_section_no qode_elementor_container_no\" data-id=\"f01c667\" data-element_type=\"section\" data-settings=\"{&quot;background_background&quot;:&quot;classic&quot;}\">\n\t\t\t\t\t\t<div class=\"elementor-container elementor-column-gap-default\">\n\t\t\t\t\t<div class=\"elementor-column elementor-col-100 elementor-top-column elementor-element elementor-element-22426543\" data-id=\"22426543\" data-element_type=\"column\" data-settings=\"{&quot;background_background&quot;:&quot;classic&quot;}\">\n\t\t\t<div class=\"elementor-widget-wrap elementor-element-populated\">\n\t\t\t\t\t\t\t\t<section class=\"elementor-section elementor-inner-section elementor-element elementor-element-73c42793 elementor-section-full_width qode_elementor_container_inner elementor-section-height-default elementor-section-height-default parallax_section_no\" data-id=\"73c42793\" data-element_type=\"section\">\n\t\t\t\t\t\t<div class=\"elementor-container elementor-column-gap-default\">\n\t\t\t\t\t<div class=\"elementor-column elementor-col-50 elementor-inner-column elementor-element elementor-element-222ebdcb\" data-id=\"222ebdcb\" data-element_type=\"column\">\n\t\t\t<div class=\"elementor-widget-wrap elementor-element-populated\">\n\t\t\t\t\t\t\t\t<div class=\"elementor-element elementor-element-f701eb8 elementor-widget elementor-widget-text-editor\" data-id=\"f701eb8\" data-element_type=\"widget\" data-widget_type=\"text-editor.default\">\n\t\t\t\t<div class=\"elementor-widget-container\">\n\t\t\t<style>\/*! elementor - v3.5.6 - 28-02-2022 *\/\n.elementor-widget-text-editor.elementor-drop-cap-view-stacked .elementor-drop-cap{background-color:#818a91;color:#fff}.elementor-widget-text-editor.elementor-drop-cap-view-framed .elementor-drop-cap{color:#818a91;border:3px solid;background-color:transparent}.elementor-widget-text-editor:not(.elementor-drop-cap-view-default) .elementor-drop-cap{margin-top:8px}.elementor-widget-text-editor:not(.elementor-drop-cap-view-default) .elementor-drop-cap-letter{width:1em;height:1em}.elementor-widget-text-editor .elementor-drop-cap{float:left;text-align:center;line-height:1;font-size:50px}.elementor-widget-text-editor .elementor-drop-cap-letter{display:inline-block}<\/style>\t\t\t\t<p><span style=\"font-weight: 400;\">A NGVcred vai muito al\u00e9m de uma administradora de cart\u00f5es de cr\u00e9dito, n\u00f3s oferecemos solu\u00e7\u00f5es para a sua empresa. Uma delas \u00e9 o conv\u00eanio com desconto em folha de pagamento. Voc\u00ea, empres\u00e1rio, ir\u00e1 motivar o colaborador e pagar o sal\u00e1rio parte no 5\u00ba dia para ele e parte para a NGVcred dia 10.<\/span><\/p><p><span style=\"font-weight: 400;\">\u00a0<\/span><\/p><p><span style=\"font-weight: 400;\">Al\u00e9m disso, oferecemos:<\/span><\/p><p><span style=\"font-weight: 400;\">\u00a0<\/span><\/p><p><b>Prazo de pagamento de 30 dias para compras de Material de Consumo;<\/b><\/p><p><span style=\"font-weight: 400;\">\u00a0<\/span><\/p><p><b>Prazo de at\u00e9 28 dias para compra para o estabelecimento revender;<\/b><\/p><p><span style=\"font-weight: 400;\">\u00a0<\/span><\/p><p><b>Credenciamento do estabelecimento;<\/b><\/p><p><span style=\"font-weight: 400;\">\u00a0<\/span><\/p><p><span style=\"font-weight: 400;\">Se quiser aumentar as vendas, pode vender e receber com os cart\u00f5es NGVcred.<\/span><\/p><p>\u00a0<\/p><p><span style=\"font-weight: 400;\">A NGVcred auxilia na implanta\u00e7\u00e3o de benef\u00edcios, solu\u00e7\u00f5es digitais atrav\u00e9s dos nossos cart\u00f5es ABVcard, ABVcard Conv\u00eanio, ABVcard Presente, Leve Max Card, Leve Max Card Conv\u00eanio e NGVcard Alimenta\u00e7\u00e3o, al\u00e9m da gest\u00e3o de Cheques e Cobran\u00e7a.<\/span><\/p><p><span style=\"font-weight: 400;\">\u00a0<\/span><\/p><p><span style=\"font-weight: 400;\">Oferecemos uma forma de centralizar o controle de gastos e ter autonomia e gest\u00e3o de forma on-line, simplificando e eliminando a necessidade de recibos f\u00edsicos e otimizando tempo no dia a dia das empresas, gerando rentabilidade e economia.<\/span><\/p>\t\t\t\t\t\t<\/div>\n\t\t\t\t<\/div>\n\t\t\t\t<div class=\"elementor-element elementor-element-2ceef760 elementor-widget elementor-widget-spacer\" data-id=\"2ceef760\" data-element_type=\"widget\" data-widget_type=\"spacer.default\">\n\t\t\t\t<div class=\"elementor-widget-container\">\n\t\t\t\t\t<div class=\"elementor-spacer\">\n\t\t\t<div class=\"elementor-spacer-inner\"><\/div>\n\t\t<\/div>\n\t\t\t\t<\/div>\n\t\t\t\t<\/div>\n\t\t\t\t\t<\/div>\n\t\t<\/div>\n\t\t\t\t<div class=\"elementor-column elementor-col-50 elementor-inner-column elementor-element elementor-element-3ca96e55\" data-id=\"3ca96e55\" data-element_type=\"column\">\n\t\t\t<div class=\"elementor-widget-wrap elementor-element-populated\">\n\t\t\t\t\t\t\t\t<div class=\"elementor-element elementor-element-e35a48e elementor-widget elementor-widget-image\" data-id=\"e35a48e\" data-element_type=\"widget\" data-widget_type=\"image.default\">\n\t\t\t\t<div class=\"elementor-widget-container\">\n\t\t\t<style>\/*! elementor - v3.5.6 - 28-02-2022 *\/\n.elementor-widget-image{text-align:center}.elementor-widget-image a{display:inline-block}.elementor-widget-image a img[src$=\".svg\"]{width:48px}.elementor-widget-image img{vertical-align:middle;display:inline-block}<\/style>\t\t\t\t\t\t\t\t\t\t\t\t<img loading=\"lazy\" decoding=\"async\" width=\"600\" height=\"900\" src=\"https:\/\/zoom7agencia.com\/ngv\/wp-content\/uploads\/2022\/01\/empresaria.jpg\" class=\"attachment-full size-full\" alt=\"\" srcset=\"https:\/\/zoom7agencia.com\/ngv\/wp-content\/uploads\/2022\/01\/empresaria.jpg 600w, https:\/\/zoom7agencia.com\/ngv\/wp-content\/uploads\/2022\/01\/empresaria-200x300.jpg 200w\" sizes=\"auto, (max-width: 600px) 100vw, 600px\" \/>\t\t\t\t\t\t\t\t\t\t\t\t\t\t\t<\/div>\n\t\t\t\t<\/div>\n\t\t\t\t\t<\/div>\n\t\t<\/div>\n\t\t\t\t\t\t\t<\/div>\n\t\t<\/section>\n\t\t\t\t<div class=\"elementor-element elementor-element-10f073f5 elementor-widget elementor-widget-spacer\" data-id=\"10f073f5\" data-element_type=\"widget\" data-widget_type=\"spacer.default\">\n\t\t\t\t<div class=\"elementor-widget-container\">\n\t\t\t\t\t<div class=\"elementor-spacer\">\n\t\t\t<div class=\"elementor-spacer-inner\"><\/div>\n\t\t<\/div>\n\t\t\t\t<\/div>\n\t\t\t\t<\/div>\n\t\t\t\t\t<\/div>\n\t\t<\/div>\n\t\t\t\t\t\t\t<\/div>\n\t\t<\/section>\n\t\t\t\t\t\t<\/div>\n\t\t\t\t\t<\/div>\n\t\t","protected":false},"excerpt":{"rendered":"<p>A NGVcred vai muito al\u00e9m de uma administradora de cart\u00f5es de cr\u00e9dito, n\u00f3s oferecemos solu\u00e7\u00f5es para a&#8230;<\/p>\n","protected":false},"author":1,"featured_media":0,"parent":0,"menu_order":0,"comment_status":"closed","ping_status":"closed","template":"full_width.php","meta":{"footnotes":""},"class_list":["post-1087","page","type-page","status-publish","hentry"],"_links":{"self":[{"href":"https:\/\/zoom7agencia.com\/ngv\/wp-json\/wp\/v2\/pages\/1087","targetHints":{"allow":["GET"]}}],"collection":[{"href":"https:\/\/zoom7agencia.com\/ngv\/wp-json\/wp\/v2\/pages"}],"about":[{"href":"https:\/\/zoom7agencia.com\/ngv\/wp-json\/wp\/v2\/types\/page"}],"author":[{"embeddable":true,"href":"https:\/\/zoom7agencia.com\/ngv\/wp-json\/wp\/v2\/users\/1"}],"replies":[{"embeddable":true,"href":"https:\/\/zoom7agencia.com\/ngv\/wp-json\/wp\/v2\/comments?post=1087"}],"version-history":[{"count":11,"href":"https:\/\/zoom7agencia.com\/ngv\/wp-json\/wp\/v2\/pages\/1087\/revisions"}],"predecessor-version":[{"id":1105,"href":"https:\/\/zoom7agencia.com\/ngv\/wp-json\/wp\/v2\/pages\/1087\/revisions\/1105"}],"wp:attachment":[{"href":"https:\/\/zoom7agencia.com\/ngv\/wp-json\/wp\/v2\/media?parent=1087"}],"curies":[{"name":"wp","href":"https:\/\/api.w.org\/{rel}","templated":true}]}}