{"id":519,"date":"2021-03-25T08:23:46","date_gmt":"2021-03-25T08:23:46","guid":{"rendered":"https:\/\/bridge424.qodeinteractive.com\/?page_id=519"},"modified":"2022-01-24T18:13:09","modified_gmt":"2022-01-24T21:13:09","slug":"sobre","status":"publish","type":"page","link":"https:\/\/zoom7agencia.com\/ngv\/sobre\/","title":{"rendered":"Sobre a gente"},"content":{"rendered":"\t\t<div data-elementor-type=\"wp-page\" data-elementor-id=\"519\" class=\"elementor elementor-519\" data-elementor-settings=\"[]\">\n\t\t\t\t\t\t\t<div class=\"elementor-section-wrap\">\n\t\t\t\t\t\t\t<section class=\"elementor-section elementor-top-section elementor-element elementor-element-f01c667 elementor-section-full_width elementor-section-height-default elementor-section-height-default parallax_section_no qode_elementor_container_no\" data-id=\"f01c667\" data-element_type=\"section\" data-settings=\"{&quot;background_background&quot;:&quot;classic&quot;}\">\n\t\t\t\t\t\t<div class=\"elementor-container elementor-column-gap-default\">\n\t\t\t\t\t<div class=\"elementor-column elementor-col-100 elementor-top-column elementor-element elementor-element-22426543\" data-id=\"22426543\" data-element_type=\"column\" data-settings=\"{&quot;background_background&quot;:&quot;classic&quot;}\">\n\t\t\t<div class=\"elementor-widget-wrap elementor-element-populated\">\n\t\t\t\t\t\t\t\t<section class=\"elementor-section elementor-inner-section elementor-element elementor-element-73c42793 elementor-section-full_width qode_elementor_container_inner elementor-section-height-default elementor-section-height-default parallax_section_no\" data-id=\"73c42793\" data-element_type=\"section\">\n\t\t\t\t\t\t<div class=\"elementor-container elementor-column-gap-default\">\n\t\t\t\t\t<div class=\"elementor-column elementor-col-50 elementor-inner-column elementor-element elementor-element-222ebdcb\" data-id=\"222ebdcb\" data-element_type=\"column\">\n\t\t\t<div class=\"elementor-widget-wrap elementor-element-populated\">\n\t\t\t\t\t\t\t\t<div class=\"elementor-element elementor-element-52d995b3 elementor-widget elementor-widget-heading\" data-id=\"52d995b3\" data-element_type=\"widget\" data-widget_type=\"heading.default\">\n\t\t\t\t<div class=\"elementor-widget-container\">\n\t\t\t<style>\/*! elementor - v3.5.6 - 28-02-2022 *\/\n.elementor-heading-title{padding:0;margin:0;line-height:1}.elementor-widget-heading .elementor-heading-title[class*=elementor-size-]>a{color:inherit;font-size:inherit;line-height:inherit}.elementor-widget-heading .elementor-heading-title.elementor-size-small{font-size:15px}.elementor-widget-heading .elementor-heading-title.elementor-size-medium{font-size:19px}.elementor-widget-heading .elementor-heading-title.elementor-size-large{font-size:29px}.elementor-widget-heading .elementor-heading-title.elementor-size-xl{font-size:39px}.elementor-widget-heading .elementor-heading-title.elementor-size-xxl{font-size:59px}<\/style><h3 class=\"elementor-heading-title elementor-size-default\">Nossa hist\u00f3ria<\/h3>\t\t<\/div>\n\t\t\t\t<\/div>\n\t\t\t\t<div class=\"elementor-element elementor-element-f701eb8 elementor-widget elementor-widget-text-editor\" data-id=\"f701eb8\" data-element_type=\"widget\" data-widget_type=\"text-editor.default\">\n\t\t\t\t<div class=\"elementor-widget-container\">\n\t\t\t<style>\/*! elementor - v3.5.6 - 28-02-2022 *\/\n.elementor-widget-text-editor.elementor-drop-cap-view-stacked .elementor-drop-cap{background-color:#818a91;color:#fff}.elementor-widget-text-editor.elementor-drop-cap-view-framed .elementor-drop-cap{color:#818a91;border:3px solid;background-color:transparent}.elementor-widget-text-editor:not(.elementor-drop-cap-view-default) .elementor-drop-cap{margin-top:8px}.elementor-widget-text-editor:not(.elementor-drop-cap-view-default) .elementor-drop-cap-letter{width:1em;height:1em}.elementor-widget-text-editor .elementor-drop-cap{float:left;text-align:center;line-height:1;font-size:50px}.elementor-widget-text-editor .elementor-drop-cap-letter{display:inline-block}<\/style>\t\t\t\t<p style=\"text-align: justify;\">A NGVcred \u00e9 uma ACC \u2013 Administradora de Cart\u00f5es de Cr\u00e9dito especializada em gest\u00e3o de Cart\u00f5es, Cheques e Cobran\u00e7a. Foi criada em 2002 com o objetivo de oferecer aos clientes do Grupo ABV mais uma op\u00e7\u00e3o de meio de pagamento com melhores prazos.<\/p><p style=\"text-align: justify;\"><br><\/p>\n<p style=\"text-align: justify;\">Atualmente, a NGV administra o cart\u00e3o ABVcard e Leve Max Card nas modalidades cart\u00e3o pr\u00f3prio e conv\u00eanio.<\/p><p style=\"text-align: justify;\"><br><\/p>\n<p style=\"text-align: justify;\"><span style=\"color: #9fa0a5; font-family: Poppins, sans-serif;\">Tamb\u00e9m administra o cart\u00e3o NGVcard Alimenta\u00e7\u00e3o, um cart\u00e3o com objetivo de oferecer benef\u00edcios as empresas e seus funcion\u00e1rios atrav\u00e9s do programa do PAT \u2013 Programa de Alimenta\u00e7\u00e3o do Trabalhador.<\/span><\/p><p style=\"text-align: justify;\"><span style=\"color: #9fa0a5; font-family: Poppins, sans-serif;\"><br><\/span><\/p>\n<p style=\"text-align: justify;\">Em 2015 a NGVcred inicia seu projeto de expans\u00e3o de estabelecimentos credenciados, proporcionando a seus clientes a op\u00e7\u00e3o de utilizar os cart\u00f5es em diversos tipos de segmentos como Postos de Combust\u00edvel, Farm\u00e1cias, Cl\u00ednicas Odontol\u00f3gicas, Laborat\u00f3rios de An\u00e1lises Cl\u00ednicas, Pizzarias, Restaurantes e Padarias.<\/p><p style=\"text-align: justify;\"><br><\/p>\n<p style=\"text-align: justify;\"><strong>Miss\u00e3o<\/strong><br>\nAtuar de maneira competitiva e inovadora, atendendo as expectativas dos clientes, fornecedores e colaboradores, conduzindo os neg\u00f3cios de maneira \u00e9tica<\/p><p style=\"text-align: justify;\"><br><\/p>\n<p style=\"text-align: justify;\"><strong>Vis\u00e3o<\/strong><br>\nSer refer\u00eancia nos segmentos em que atua, se expandindo continuamente com responsabilidade social e norteado pelos valores da empresa.<\/p><p style=\"text-align: justify;\"><br><\/p>\n<p style=\"text-align: justify;\"><strong>Valores<\/strong><br>\nHumildade<br>\nProatividade<br>\nTrabalho<br>\nSenso de Urg\u00eancia<br>\n\u00c9tica<br>\nDisciplina<br>\nSimplicidade<br>\nIntegridade<br>\nN\u00f3s<\/p>\t\t\t\t\t\t<\/div>\n\t\t\t\t<\/div>\n\t\t\t\t<div class=\"elementor-element elementor-element-2ceef760 elementor-widget elementor-widget-spacer\" data-id=\"2ceef760\" data-element_type=\"widget\" data-widget_type=\"spacer.default\">\n\t\t\t\t<div class=\"elementor-widget-container\">\n\t\t\t\t\t<div class=\"elementor-spacer\">\n\t\t\t<div class=\"elementor-spacer-inner\"><\/div>\n\t\t<\/div>\n\t\t\t\t<\/div>\n\t\t\t\t<\/div>\n\t\t\t\t\t<\/div>\n\t\t<\/div>\n\t\t\t\t<div class=\"elementor-column elementor-col-50 elementor-inner-column elementor-element elementor-element-3ca96e55\" data-id=\"3ca96e55\" data-element_type=\"column\">\n\t\t\t<div class=\"elementor-widget-wrap elementor-element-populated\">\n\t\t\t\t\t\t\t\t<div class=\"elementor-element elementor-element-e35a48e elementor-widget elementor-widget-image\" data-id=\"e35a48e\" data-element_type=\"widget\" data-widget_type=\"image.default\">\n\t\t\t\t<div class=\"elementor-widget-container\">\n\t\t\t<style>\/*! elementor - v3.5.6 - 28-02-2022 *\/\n.elementor-widget-image{text-align:center}.elementor-widget-image a{display:inline-block}.elementor-widget-image a img[src$=\".svg\"]{width:48px}.elementor-widget-image img{vertical-align:middle;display:inline-block}<\/style>\t\t\t\t\t\t\t\t\t\t\t\t<img loading=\"lazy\" decoding=\"async\" width=\"600\" height=\"900\" src=\"https:\/\/zoom7agencia.com\/ngv\/wp-content\/uploads\/2021\/11\/sobre_a_gente.jpg\" class=\"attachment-full size-full\" alt=\"\" srcset=\"https:\/\/zoom7agencia.com\/ngv\/wp-content\/uploads\/2021\/11\/sobre_a_gente.jpg 600w, https:\/\/zoom7agencia.com\/ngv\/wp-content\/uploads\/2021\/11\/sobre_a_gente-200x300.jpg 200w\" sizes=\"auto, (max-width: 600px) 100vw, 600px\" \/>\t\t\t\t\t\t\t\t\t\t\t\t\t\t\t<\/div>\n\t\t\t\t<\/div>\n\t\t\t\t\t<\/div>\n\t\t<\/div>\n\t\t\t\t\t\t\t<\/div>\n\t\t<\/section>\n\t\t\t\t<div class=\"elementor-element elementor-element-10f073f5 elementor-widget elementor-widget-spacer\" data-id=\"10f073f5\" data-element_type=\"widget\" data-widget_type=\"spacer.default\">\n\t\t\t\t<div class=\"elementor-widget-container\">\n\t\t\t\t\t<div class=\"elementor-spacer\">\n\t\t\t<div class=\"elementor-spacer-inner\"><\/div>\n\t\t<\/div>\n\t\t\t\t<\/div>\n\t\t\t\t<\/div>\n\t\t\t\t\t<\/div>\n\t\t<\/div>\n\t\t\t\t\t\t\t<\/div>\n\t\t<\/section>\n\t\t\t\t\t\t<\/div>\n\t\t\t\t\t<\/div>\n\t\t","protected":false},"excerpt":{"rendered":"<p>Nossa hist\u00f3ria A NGVcred \u00e9 uma ACC \u2013 Administradora de Cart\u00f5es de Cr\u00e9dito especializada em gest\u00e3o de&#8230;<\/p>\n","protected":false},"author":1,"featured_media":0,"parent":0,"menu_order":0,"comment_status":"closed","ping_status":"closed","template":"full_width.php","meta":{"footnotes":""},"class_list":["post-519","page","type-page","status-publish","hentry"],"_links":{"self":[{"href":"https:\/\/zoom7agencia.com\/ngv\/wp-json\/wp\/v2\/pages\/519","targetHints":{"allow":["GET"]}}],"collection":[{"href":"https:\/\/zoom7agencia.com\/ngv\/wp-json\/wp\/v2\/pages"}],"about":[{"href":"https:\/\/zoom7agencia.com\/ngv\/wp-json\/wp\/v2\/types\/page"}],"author":[{"embeddable":true,"href":"https:\/\/zoom7agencia.com\/ngv\/wp-json\/wp\/v2\/users\/1"}],"replies":[{"embeddable":true,"href":"https:\/\/zoom7agencia.com\/ngv\/wp-json\/wp\/v2\/comments?post=519"}],"version-history":[{"count":20,"href":"https:\/\/zoom7agencia.com\/ngv\/wp-json\/wp\/v2\/pages\/519\/revisions"}],"predecessor-version":[{"id":1225,"href":"https:\/\/zoom7agencia.com\/ngv\/wp-json\/wp\/v2\/pages\/519\/revisions\/1225"}],"wp:attachment":[{"href":"https:\/\/zoom7agencia.com\/ngv\/wp-json\/wp\/v2\/media?parent=519"}],"curies":[{"name":"wp","href":"https:\/\/api.w.org\/{rel}","templated":true}]}}